{"id":13,"date":"2021-01-19T05:08:30","date_gmt":"2021-01-19T05:08:30","guid":{"rendered":"https:\/\/el-confin.themegeniuslab.com\/?page_id=13"},"modified":"2024-01-30T14:34:30","modified_gmt":"2024-01-30T14:34:30","slug":"team","status":"publish","type":"page","link":"https:\/\/puzzlemargin.pt\/?page_id=13","title":{"rendered":"Team"},"content":{"rendered":"\t\t<div data-elementor-type=\"wp-page\" data-elementor-id=\"13\" class=\"elementor elementor-13\">\n\t\t\t\t\t\t\t\t\t<section class=\"elementor-section elementor-top-section elementor-element elementor-element-7b1e266 elementor-section-boxed elementor-section-height-default elementor-section-height-default\" data-id=\"7b1e266\" data-element_type=\"section\">\n\t\t\t\t\t\t<div class=\"elementor-container elementor-column-gap-default\">\n\t\t\t\t\t<div class=\"elementor-column elementor-col-100 elementor-top-column elementor-element elementor-element-812a508\" data-id=\"812a508\" data-element_type=\"column\">\n\t\t\t<div class=\"elementor-widget-wrap elementor-element-populated\">\n\t\t\t\t\t\t\t\t<div class=\"elementor-element elementor-element-fe00a60 elementor-widget elementor-widget-tmx-confin_team\" data-id=\"fe00a60\" data-element_type=\"widget\" data-widget_type=\"tmx-confin_team.default\">\n\t\t\t\t<div class=\"elementor-widget-container\">\n\t\t\t\t\t<div class=\"team-section\">\n\t\t\t<div class=\"row\">\n\t\t\t\t<div class=\"col col-lg-4 col-md-7\">\n\t\t\t\t\t<div class=\"section-title-s3\">\n\t\t\t\t\t\t<span>Equipa<\/span><h2>Respons\u00e1veis de equipa<\/h2>\t\t\t\t\t<\/div>\n\t\t\t\t<\/div>\n\t\t\t\t<div class=\"col col-lg-8 col-xs-12\">\n\t\t\t\t\t<div class=\"team-grids clearfix\">\n\t\t\t\t\t\t\t\t\t\t\t\t\t\t<div class=\"grid\">\n\t\t\t\t\t\t\t\t\t<div class=\"member-pic\">\n\t\t\t\t\t\t\t\t\t\t<img decoding=\"async\" src=\"https:\/\/puzzlemargin.pt\/wp-content\/uploads\/2024\/01\/Goncalo-Barata-Normal-scaled.jpg\" alt=\"\">\t\t\t\t\t\t\t\t\t<\/div>\n\t\t\t\t\t\t\t\t\t<div class=\"details\">\n\t\t\t\t\t\t\t\t\t\t<h3>Gon\u00e7alo Barata da Rocha<\/h3><p>Diretor opera\u00e7\u00f5es<\/p>\t\t\t\t\t\t\t\t\t<\/div>\n\t\t\t\t\t\t\t\t<\/div>\n\t\t\t\t\t\t\t\t\t\t\t\t\t\t<div class=\"grid\">\n\t\t\t\t\t\t\t\t\t<div class=\"member-pic\">\n\t\t\t\t\t\t\t\t\t\t<img decoding=\"async\" src=\"https:\/\/puzzlemargin.pt\/wp-content\/uploads\/2024\/01\/JRA.png\" alt=\"\">\t\t\t\t\t\t\t\t\t<\/div>\n\t\t\t\t\t\t\t\t\t<div class=\"details\">\n\t\t\t\t\t\t\t\t\t\t<h3>Jo\u00e3o Andrade<\/h3><p>Diretor real estate<\/p>\t\t\t\t\t\t\t\t\t<\/div>\n\t\t\t\t\t\t\t\t<\/div>\n\t\t\t\t\t\t\t\t\t\t\t\t\t\t<div class=\"grid\">\n\t\t\t\t\t\t\t\t\t<div class=\"member-pic\">\n\t\t\t\t\t\t\t\t\t\t<img decoding=\"async\" src=\"https:\/\/puzzlemargin.pt\/wp-content\/uploads\/2024\/01\/JRA-4.png\" alt=\"\">\t\t\t\t\t\t\t\t\t<\/div>\n\t\t\t\t\t\t\t\t\t<div class=\"details\">\n\t\t\t\t\t\t\t\t\t\t<h3>Joana Carneiro<\/h3><p>Diretor financeira<\/p>\t\t\t\t\t\t\t\t\t<\/div>\n\t\t\t\t\t\t\t\t<\/div>\n\t\t\t\t\t\t\t\t\t\t\t<\/div>\n\t\t\t\t<\/div>\n\t\t\t<\/div>\n\t\t<\/div>\n\t\t<\/div>\n\t\t\t\t<\/div>\n\t\t\t\t\t<\/div>\n\t\t<\/div>\n\t\t\t\t\t\t\t<\/div>\n\t\t<\/section>\n\t\t\t\t\t\t\t<\/div>\n\t\t","protected":false},"excerpt":{"rendered":"Equipa Respons\u00e1veis de equipa Gon\u00e7alo Barata da Rocha Diretor opera\u00e7\u00f5es Jo\u00e3o Andrade Diretor real estate Joana Carneiro Diretor financeira","protected":false},"author":1,"featured_media":0,"parent":0,"menu_order":0,"comment_status":"closed","ping_status":"closed","template":"elementor_header_footer","meta":{"inline_featured_image":false,"footnotes":""},"class_list":["post-13","page","type-page","status-publish","hentry"],"_links":{"self":[{"href":"https:\/\/puzzlemargin.pt\/index.php?rest_route=\/wp\/v2\/pages\/13","targetHints":{"allow":["GET"]}}],"collection":[{"href":"https:\/\/puzzlemargin.pt\/index.php?rest_route=\/wp\/v2\/pages"}],"about":[{"href":"https:\/\/puzzlemargin.pt\/index.php?rest_route=\/wp\/v2\/types\/page"}],"author":[{"embeddable":true,"href":"https:\/\/puzzlemargin.pt\/index.php?rest_route=\/wp\/v2\/users\/1"}],"replies":[{"embeddable":true,"href":"https:\/\/puzzlemargin.pt\/index.php?rest_route=%2Fwp%2Fv2%2Fcomments&post=13"}],"version-history":[{"count":4,"href":"https:\/\/puzzlemargin.pt\/index.php?rest_route=\/wp\/v2\/pages\/13\/revisions"}],"predecessor-version":[{"id":2277,"href":"https:\/\/puzzlemargin.pt\/index.php?rest_route=\/wp\/v2\/pages\/13\/revisions\/2277"}],"wp:attachment":[{"href":"https:\/\/puzzlemargin.pt\/index.php?rest_route=%2Fwp%2Fv2%2Fmedia&parent=13"}],"curies":[{"name":"wp","href":"https:\/\/api.w.org\/{rel}","templated":true}]}}